{"id":41,"date":"2022-03-15T04:27:47","date_gmt":"2022-03-15T03:27:47","guid":{"rendered":"https:\/\/nordiconeiptv.com\/index.php\/colibri-wp\/"},"modified":"2023-04-20T05:58:39","modified_gmt":"2023-04-20T03:58:39","slug":"colibri-wp","status":"publish","type":"page","link":"https:\/\/nordiconeiptv.com\/","title":{"rendered":"HEM"},"content":{"rendered":"<div data-colibri-id=\"41-c1\" class=\"style-190 style-local-41-c1 position-relative\">\n  <!---->\n  <div data-colibri-component=\"section\" data-colibri-id=\"41-c2\" id=\"overlappable\" class=\"h-section h-section-global-spacing d-flex align-items-lg-center align-items-md-center align-items-center style-191 style-local-41-c2 position-relative\">\n    <!---->\n    <!---->\n    <div class=\"h-section-grid-container h-section-boxed-container\">\n      <!---->\n      <div data-colibri-id=\"41-c3\" class=\"h-row-container gutters-row-lg-0 gutters-row-md-0 gutters-row-2 gutters-row-v-lg-0 gutters-row-v-md-0 gutters-row-v-2 style-192 style-local-41-c3 position-relative\">\n        <!---->\n        <div class=\"h-row justify-content-lg-center justify-content-md-center justify-content-center align-items-lg-stretch align-items-md-stretch align-items-stretch gutters-col-lg-0 gutters-col-md-0 gutters-col-2 gutters-col-v-lg-0 gutters-col-v-md-0 gutters-col-v-2\">\n          <!---->\n          <div class=\"h-column h-column-container d-flex h-col-lg-3 h-col-md-3 h-col-12 style-193-outer style-local-41-c4-outer\">\n            <div data-colibri-id=\"41-c4\" class=\"d-flex h-flex-basis h-column__inner h-px-lg-3 h-px-md-3 h-px-2 v-inner-lg-3 v-inner-md-3 v-inner-2 style-193 style-local-41-c4 position-relative\">\n              <!---->\n              <!---->\n              <div class=\"w-100 h-y-container h-column__content h-column__v-align flex-basis-100 align-self-lg-center align-self-md-center align-self-center\">\n                <!---->\n                <div data-colibri-id=\"41-c5\" class=\"h-icon style-194 style-local-41-c5 position-relative h-element\">\n                  <!----><span class=\"h-svg-icon h-icon__icon style-194-icon style-local-41-c5-icon\"><!--Icon by Font Awesome (https:\/\/fontawesome.com)-->\n    <svg version=\"1.1\" xmlns=\"http:\/\/www.w3.org\/2000\/svg\" xmlns:xlink=\"http:\/\/www.w3.org\/1999\/xlink\" id=\"paper-plane\" viewBox=\"0 0 1792.0013 1896.0833\">\n      <path d=\"M1764 11q33 24 27 64l-256 1536q-5 29-32 45-14 8-31 8-11 0-24-5l-453-185-242 295q-18 23-49 23-13 0-22-4-19-7-30.5-23.5T640 1728v-349l864-1059-1069 925-395-162q-37-14-40-55-2-40 32-59L1696 9q15-9 32-9 20 0 36 11z\"><\/path>\n    <\/svg><\/span><\/div>\n                <div data-colibri-id=\"41-c6\" class=\"h-global-transition-all h-heading style-195 style-local-41-c6 position-relative h-element\">\n                  <!---->\n                  <div class=\"h-heading__outer style-195 style-local-41-c6\">\n                    <!---->\n                    <!---->\n                    <h5 class=\"\">telegram\n                      <br>f\u00e5 nyheter och updateringar<\/h5>\n                  <\/div>\n                <\/div>\n                <div data-colibri-id=\"41-c7\" class=\"h-text h-text-component style-196 style-local-41-c7 position-relative h-element\">\n                  <!---->\n                  <!---->\n                  <div class=\"\">\n                    <p>I v\u00e5ran Telegram grupp skickar vi ut nyheter och info!<\/p>\n                  <\/div>\n                <\/div>\n              <\/div>\n            <\/div>\n          <\/div>\n          <div class=\"h-column h-column-container d-flex h-col-lg-3 h-col-md-3 h-col-12 style-193-outer style-local-41-c8-outer\">\n            <div data-colibri-id=\"41-c8\" class=\"d-flex h-flex-basis h-column__inner h-px-lg-3 h-px-md-3 h-px-2 v-inner-lg-3 v-inner-md-3 v-inner-2 style-193 style-local-41-c8 position-relative\">\n              <!---->\n              <!---->\n              <div class=\"w-100 h-y-container h-column__content h-column__v-align flex-basis-100 align-self-lg-center align-self-md-center align-self-center\">\n                <!---->\n                <div data-colibri-id=\"41-c9\" class=\"h-icon style-194 style-local-41-c9 position-relative h-element\">\n                  <!----><span class=\"h-svg-icon h-icon__icon style-194-icon style-local-41-c9-icon\"><!--Icon by Font Awesome (https:\/\/fontawesome.com)-->\n    <svg version=\"1.1\" xmlns=\"http:\/\/www.w3.org\/2000\/svg\" xmlns:xlink=\"http:\/\/www.w3.org\/1999\/xlink\" id=\"signal\" viewBox=\"0 0 1792 1896.0833\">\n      <path d=\"M256 1440v192q0 14-9 23t-23 9H32q-14 0-23-9t-9-23v-192q0-14 9-23t23-9h192q14 0 23 9t9 23zm384-128v320q0 14-9 23t-23 9H416q-14 0-23-9t-9-23v-320q0-14 9-23t23-9h192q14 0 23 9t9 23zm384-256v576q0 14-9 23t-23 9H800q-14 0-23-9t-9-23v-576q0-14 9-23t23-9h192q14 0 23 9t9 23zm384-384v960q0 14-9 23t-23 9h-192q-14 0-23-9t-9-23V672q0-14 9-23t23-9h192q14 0 23 9t9 23zm384-512v1472q0 14-9 23t-23 9h-192q-14 0-23-9t-9-23V160q0-14 9-23t23-9h192q14 0 23 9t9 23z\"><\/path>\n    <\/svg><\/span><\/div>\n                <div data-colibri-id=\"41-c10\" class=\"h-global-transition-all h-heading style-195 style-local-41-c10 position-relative h-element\">\n                  <!---->\n                  <div class=\"h-heading__outer style-195 style-local-41-c10\">\n                    <!---->\n                    <!---->\n                    <h5 class=\"\">coming soon<\/h5>\n                  <\/div>\n                <\/div>\n                <div data-colibri-id=\"41-c11\" class=\"h-text h-text-component style-196 style-local-41-c11 position-relative h-element\">\n                  <!---->\n                  <!---->\n                  <div class=\"\">\n                    <p>coming soon<\/p>\n                  <\/div>\n                <\/div>\n              <\/div>\n            <\/div>\n          <\/div>\n          <div class=\"h-column h-column-container d-flex h-col-lg-3 h-col-md-3 h-col-12 style-193-outer style-local-41-c12-outer\">\n            <div data-colibri-id=\"41-c12\" class=\"d-flex h-flex-basis h-column__inner h-px-lg-3 h-px-md-3 h-px-2 v-inner-lg-3 v-inner-md-3 v-inner-2 style-193 style-local-41-c12 position-relative\">\n              <!---->\n              <!---->\n              <div class=\"w-100 h-y-container h-column__content h-column__v-align flex-basis-100 align-self-lg-center align-self-md-center align-self-center\">\n                <!---->\n                <div data-colibri-id=\"41-c13\" class=\"h-icon style-194 style-local-41-c13 position-relative h-element\">\n                  <!----><span class=\"h-svg-icon h-icon__icon style-194-icon style-local-41-c13-icon\"><!--Icon by Font Awesome (https:\/\/fontawesome.com)-->\n    <svg version=\"1.1\" xmlns=\"http:\/\/www.w3.org\/2000\/svg\" xmlns:xlink=\"http:\/\/www.w3.org\/1999\/xlink\" id=\"youtube\" viewBox=\"0 0 1546.6178 1896.0833\">\n      <path d=\"M971 1244v211q0 67-39 67-23 0-45-22v-301q22-22 45-22 39 0 39 67zm338 1v46h-90v-46q0-68 45-68t45 68zm-966-218h107v-94H138v94h105v569h100v-569zm288 569h89v-494h-89v378q-30 42-57 42-18 0-21-21-1-3-1-35v-364h-89v391q0 49 8 73 12 37 58 37 48 0 102-61v54zm429-148v-197q0-73-9-99-17-56-71-56-50 0-93 54V933h-89v663h89v-48q45 55 93 55 54 0 71-55 9-27 9-100zm338-10v-13h-91q0 51-2 61-7 36-40 36-46 0-46-69v-87h179v-103q0-79-27-116-39-51-106-51-68 0-107 51-28 37-28 116v173q0 79 29 116 39 51 108 51 72 0 108-53 18-27 21-54 2-9 2-58zM790 525V315q0-69-43-69t-43 69v210q0 70 43 70t43-70zm719 751q0 234-26 350-14 59-58 99t-102 46q-184 21-555 21t-555-21q-58-6-102.5-46T53 1626q-26-112-26-350 0-234 26-350 14-59 58-99t103-47q183-20 554-20t555 20q58 7 102.5 47t57.5 99q26 112 26 350zM511 0h102L492 399v271H392V399q-14-74-61-212Q294 84 266 0h106l71 263zm370 333v175q0 81-28 118-38 51-106 51-67 0-105-51-28-38-28-118V333q0-80 28-117 38-51 105-51 68 0 106 51 28 37 28 117zm335-162v499h-91v-55q-53 62-103 62-46 0-59-37-8-24-8-75V171h91v367q0 33 1 35 3 22 21 22 27 0 57-43V171h91z\"><\/path>\n    <\/svg><\/span><\/div>\n                <div data-colibri-id=\"41-c14\" class=\"h-global-transition-all h-heading style-195 style-local-41-c14 position-relative h-element\">\n                  <!---->\n                  <div class=\"h-heading__outer style-195 style-local-41-c14\">\n                    <!---->\n                    <!---->\n                    <h5 class=\"\">kolla in v\u00e5ran youtube-kanal<\/h5>\n                  <\/div>\n                <\/div>\n                <div data-colibri-id=\"41-c15\" class=\"h-text h-text-component style-196 style-local-41-c15 position-relative h-element\">\n                  <!---->\n                  <!---->\n                  <div class=\"\">\n                    <p>H\u00e4r kan du f\u00f6lja v\u00e5ran youtube-kanal<\/p>\n                  <\/div>\n                <\/div>\n              <\/div>\n            <\/div>\n          <\/div>\n          <div class=\"h-column h-column-container d-flex h-col-lg-3 h-col-md-3 h-col-12 style-197-outer style-local-41-c16-outer\">\n            <div data-colibri-id=\"41-c16\" class=\"d-flex h-flex-basis h-column__inner h-px-lg-3 h-px-md-3 h-px-2 v-inner-lg-3 v-inner-md-3 v-inner-2 style-197 style-local-41-c16 position-relative\">\n              <!---->\n              <!---->\n              <div class=\"w-100 h-y-container h-column__content h-column__v-align flex-basis-100 align-self-lg-center align-self-md-center align-self-center\">\n                <!---->\n                <div data-colibri-id=\"41-c17\" class=\"h-icon style-194 style-local-41-c17 position-relative h-element\">\n                  <!----><span class=\"h-svg-icon h-icon__icon style-194-icon style-local-41-c17-icon\"><!--Icon by Icons8 Line Awesome (https:\/\/icons8.com\/line-awesome)--><svg version=\"1.1\" xmlns=\"http:\/\/www.w3.org\/2000\/svg\" xmlns:xlink=\"http:\/\/www.w3.org\/1999\/xlink\" id=\"area-chart\" viewBox=\"0 0 512 545.5\"><path d=\"M448 97v383H64V204.5l19 4 73 14.5 91-60.5 5.5-3.5 6 1 89.5 15 74-58zm-32 65.5l-54 42-5.5 4.5-7-1-90-15-90.5 60.5-5.5 3.5-6.5-1.5-61-12V309l62 25 89-59.5 6.5-4 7.5 2.5 87.5 29 67.5-53.5v-86zm0 127l-54 43-7 5.5-8-3-88-29.5-90 60-7 4.5-8-3-58-23v104h320V289.5z\"><\/path><\/svg><\/span><\/div>\n                <div\n                  data-colibri-id=\"41-c18\" class=\"h-global-transition-all h-heading style-195 style-local-41-c18 position-relative h-element\">\n                  <!---->\n                  <div class=\"h-heading__outer style-195 style-local-41-c18\">\n                    <!---->\n                    <!---->\n                    <h5 class=\"\">coming soon<\/h5>\n                  <\/div>\n              <\/div>\n              <div data-colibri-id=\"41-c19\" class=\"h-text h-text-component style-196 style-local-41-c19 position-relative h-element\">\n                <!---->\n                <!---->\n                <div class=\"\">\n                  <p><span style=\"color: rgb(70, 112, 127); font-family: &quot;Open Sans&quot;; font-size: 16px; font-weight: 400;\">coming soon<\/span><\/p>\n                <\/div>\n              <\/div>\n            <\/div>\n          <\/div>\n        <\/div>\n      <\/div>\n    <\/div>\n  <\/div>\n<\/div>\n<\/div>","protected":false},"excerpt":{"rendered":"<p>telegram f\u00e5 nyheter och updateringar I v\u00e5ran Telegram grupp skickar vi ut nyheter och info! coming soon coming soon kolla in v\u00e5ran youtube-kanal H\u00e4r kan du f\u00f6lja v\u00e5ran youtube-kanal coming soon coming soon<\/p>\n","protected":false},"author":1,"featured_media":0,"parent":0,"menu_order":0,"comment_status":"closed","ping_status":"closed","template":"page-templates\/homepage.php","meta":{"footnotes":""},"class_list":["post-41","page","type-page","status-publish","hentry"],"jetpack_sharing_enabled":true,"_links":{"self":[{"href":"https:\/\/nordiconeiptv.com\/index.php\/wp-json\/wp\/v2\/pages\/41","targetHints":{"allow":["GET"]}}],"collection":[{"href":"https:\/\/nordiconeiptv.com\/index.php\/wp-json\/wp\/v2\/pages"}],"about":[{"href":"https:\/\/nordiconeiptv.com\/index.php\/wp-json\/wp\/v2\/types\/page"}],"author":[{"embeddable":true,"href":"https:\/\/nordiconeiptv.com\/index.php\/wp-json\/wp\/v2\/users\/1"}],"replies":[{"embeddable":true,"href":"https:\/\/nordiconeiptv.com\/index.php\/wp-json\/wp\/v2\/comments?post=41"}],"version-history":[{"count":11,"href":"https:\/\/nordiconeiptv.com\/index.php\/wp-json\/wp\/v2\/pages\/41\/revisions"}],"predecessor-version":[{"id":1369,"href":"https:\/\/nordiconeiptv.com\/index.php\/wp-json\/wp\/v2\/pages\/41\/revisions\/1369"}],"wp:attachment":[{"href":"https:\/\/nordiconeiptv.com\/index.php\/wp-json\/wp\/v2\/media?parent=41"}],"curies":[{"name":"wp","href":"https:\/\/api.w.org\/{rel}","templated":true}]}}