{"id":118,"date":"2022-03-16T17:02:42","date_gmt":"2022-03-16T16:02:42","guid":{"rendered":"https:\/\/nordiconeiptv.com\/?post_type=product&#038;p=118"},"modified":"2023-05-29T03:36:00","modified_gmt":"2023-05-29T01:36:00","slug":"nordicone-iptv-1ar-12-manader-allt-ingar","status":"publish","type":"product","link":"https:\/\/nordiconeiptv.com\/index.php\/produkt\/nordicone-iptv-1ar-12-manader-allt-ingar\/","title":{"rendered":"NordicOne IPTV 1\u00e5r 12 m\u00e5nader, allt ing\u00e5r!"},"content":{"rendered":"<p><img loading=\"lazy\" decoding=\"async\" class=\"alignnone size-full wp-image-53\" src=\"http:\/\/nordiconeiptv.com\/wp-content\/uploads\/2022\/03\/cropped-nordicone-iptv.jpg\" alt=\"\" width=\"225\" height=\"225\" srcset=\"https:\/\/nordiconeiptv.com\/wp-content\/uploads\/2022\/03\/cropped-nordicone-iptv.jpg 225w, https:\/\/nordiconeiptv.com\/wp-content\/uploads\/2022\/03\/cropped-nordicone-iptv-150x150.jpg 150w, https:\/\/nordiconeiptv.com\/wp-content\/uploads\/2022\/03\/cropped-nordicone-iptv-100x100.jpg 100w\" sizes=\"auto, (max-width: 225px) 100vw, 225px\" \/><\/p>\n<p>Alla v\u00e4rldens kanaler ing\u00e5r, Videoklubb som updateras dagligen samt serier, allt finns med svensk undertext.<\/p>\n<p>Ange hur du vill anv\u00e4nda systemet vilken app eller via en iptv-box<\/p>\n<p>Vill du testa via en iptv-box ange din mac adress vid best\u00e4llning.<\/p>\n","protected":false},"excerpt":{"rendered":"<p>Alla v\u00e4rldens kanaler ing\u00e5r, Videoklubb som updateras dagligen samt serier, allt finns med svensk undertext. Ange hur du vill anv\u00e4nda systemet vilken app eller via en iptv-box Vill du testa via en iptv-box ange din mac adress vid best\u00e4llning.<\/p>\n","protected":false},"featured_media":53,"comment_status":"open","ping_status":"closed","template":"","meta":[],"product_brand":[],"product_cat":[15],"product_tag":[],"class_list":{"0":"post-118","1":"product","2":"type-product","3":"status-publish","4":"has-post-thumbnail","6":"product_cat-okategoriserad","8":"first","9":"instock","10":"sale","11":"shipping-taxable","12":"purchasable","13":"product-type-simple"},"jetpack_sharing_enabled":true,"_links":{"self":[{"href":"https:\/\/nordiconeiptv.com\/index.php\/wp-json\/wp\/v2\/product\/118","targetHints":{"allow":["GET"]}}],"collection":[{"href":"https:\/\/nordiconeiptv.com\/index.php\/wp-json\/wp\/v2\/product"}],"about":[{"href":"https:\/\/nordiconeiptv.com\/index.php\/wp-json\/wp\/v2\/types\/product"}],"replies":[{"embeddable":true,"href":"https:\/\/nordiconeiptv.com\/index.php\/wp-json\/wp\/v2\/comments?post=118"}],"wp:featuredmedia":[{"embeddable":true,"href":"https:\/\/nordiconeiptv.com\/index.php\/wp-json\/wp\/v2\/media\/53"}],"wp:attachment":[{"href":"https:\/\/nordiconeiptv.com\/index.php\/wp-json\/wp\/v2\/media?parent=118"}],"wp:term":[{"taxonomy":"product_brand","embeddable":true,"href":"https:\/\/nordiconeiptv.com\/index.php\/wp-json\/wp\/v2\/product_brand?post=118"},{"taxonomy":"product_cat","embeddable":true,"href":"https:\/\/nordiconeiptv.com\/index.php\/wp-json\/wp\/v2\/product_cat?post=118"},{"taxonomy":"product_tag","embeddable":true,"href":"https:\/\/nordiconeiptv.com\/index.php\/wp-json\/wp\/v2\/product_tag?post=118"}],"curies":[{"name":"wp","href":"https:\/\/api.w.org\/{rel}","templated":true}]}}