{"id":89,"date":"2022-03-15T16:07:02","date_gmt":"2022-03-15T15:07:02","guid":{"rendered":"https:\/\/nordiconeiptv.com\/?post_type=product&#038;p=89"},"modified":"2026-05-04T10:57:10","modified_gmt":"2026-05-04T08:57:10","slug":"nordiconeiptv-testa-oss-helt-gratis","status":"publish","type":"product","link":"https:\/\/nordiconeiptv.com\/index.php\/produkt\/nordiconeiptv-testa-oss-helt-gratis\/","title":{"rendered":"NordicOneIPTV Testa oss helt gratis!"},"content":{"rendered":"<p><img loading=\"lazy\" decoding=\"async\" class=\"alignnone size-full wp-image-53\" src=\"http:\/\/nordiconeiptv.com\/wp-content\/uploads\/2022\/03\/cropped-nordicone-iptv.jpg\" alt=\"\" width=\"225\" height=\"225\" srcset=\"https:\/\/nordiconeiptv.com\/wp-content\/uploads\/2022\/03\/cropped-nordicone-iptv.jpg 225w, https:\/\/nordiconeiptv.com\/wp-content\/uploads\/2022\/03\/cropped-nordicone-iptv-150x150.jpg 150w, https:\/\/nordiconeiptv.com\/wp-content\/uploads\/2022\/03\/cropped-nordicone-iptv-100x100.jpg 100w\" sizes=\"auto, (max-width: 225px) 100vw, 225px\" \/><\/p>\n<p>Gratis test i 1 timma. Vid best\u00e4llning av test, ange hur du vill testa via app eller en iptv-box.<\/p>\n<p>Vill du testa via box ange din mac adress vid best\u00e4llning.<\/p>\n<p>Alla v\u00e4rldens kanaler ing\u00e5r och Videoklubb som updateras dagligen samt serier, allt finns med svensk undertext.<\/p>\n<p>1 timma s\u00e5 hinner du g\u00e5 igenom utbud och kvalit\u00e9, beh\u00f6ver du mera tid f\u00f6r att utv\u00e4rdera systemet har vi 10 dagar test f\u00f6r 99:- sek<\/p>\n<p>\u00c4r du os\u00e4ker kontakta oss via whatsapp eller e-post nordiconeiptv.com@gmail.com<\/p>\n<p>&nbsp;<\/p>\n","protected":false},"excerpt":{"rendered":"<p>Gratis test i 1 timma. Vid best\u00e4llning av test, ange hur du vill testa via app eller en iptv-box. Vill du testa via box ange din mac adress vid best\u00e4llning. Alla v\u00e4rldens kanaler ing\u00e5r och Videoklubb som updateras dagligen samt serier, allt finns med svensk undertext. 1 timma s\u00e5 hinner du g\u00e5 igenom utbud och [&hellip;]<\/p>\n","protected":false},"featured_media":53,"comment_status":"open","ping_status":"closed","template":"","meta":[],"product_brand":[],"product_cat":[15],"product_tag":[],"class_list":{"0":"post-89","1":"product","2":"type-product","3":"status-publish","4":"has-post-thumbnail","6":"product_cat-okategoriserad","8":"first","9":"instock","10":"shipping-taxable","11":"purchasable","12":"product-type-simple"},"jetpack_sharing_enabled":true,"_links":{"self":[{"href":"https:\/\/nordiconeiptv.com\/index.php\/wp-json\/wp\/v2\/product\/89","targetHints":{"allow":["GET"]}}],"collection":[{"href":"https:\/\/nordiconeiptv.com\/index.php\/wp-json\/wp\/v2\/product"}],"about":[{"href":"https:\/\/nordiconeiptv.com\/index.php\/wp-json\/wp\/v2\/types\/product"}],"replies":[{"embeddable":true,"href":"https:\/\/nordiconeiptv.com\/index.php\/wp-json\/wp\/v2\/comments?post=89"}],"wp:featuredmedia":[{"embeddable":true,"href":"https:\/\/nordiconeiptv.com\/index.php\/wp-json\/wp\/v2\/media\/53"}],"wp:attachment":[{"href":"https:\/\/nordiconeiptv.com\/index.php\/wp-json\/wp\/v2\/media?parent=89"}],"wp:term":[{"taxonomy":"product_brand","embeddable":true,"href":"https:\/\/nordiconeiptv.com\/index.php\/wp-json\/wp\/v2\/product_brand?post=89"},{"taxonomy":"product_cat","embeddable":true,"href":"https:\/\/nordiconeiptv.com\/index.php\/wp-json\/wp\/v2\/product_cat?post=89"},{"taxonomy":"product_tag","embeddable":true,"href":"https:\/\/nordiconeiptv.com\/index.php\/wp-json\/wp\/v2\/product_tag?post=89"}],"curies":[{"name":"wp","href":"https:\/\/api.w.org\/{rel}","templated":true}]}}